{"id":1708,"date":"2020-10-14T15:57:19","date_gmt":"2020-10-14T15:57:19","guid":{"rendered":"https:\/\/heidnerlaw.com\/casa\/"},"modified":"2025-08-18T20:33:30","modified_gmt":"2025-08-18T20:33:30","slug":"casa","status":"publish","type":"page","link":"https:\/\/heidnerlaw.com\/pt-br\/","title":{"rendered":"CASA"},"content":{"rendered":"<div class=\"wpb-content-wrapper\"><p>[vc_row full_height=&#8221;yes&#8221; css=&#8221;.vc_custom_1600728222573{background-image: url(https:\/\/heidnerlaw.com\/wp-content\/uploads\/2020\/09\/Heidner-Website-Header-1.jpg?id=1663) !important;background-position: center !important;background-repeat: no-repeat !important;background-size: cover !important;}&#8221; el_id=&#8221;home-background-desktop&#8221;][vc_column width=&#8221;1\/2&#8243;][vc_column_text css=&#8221;.vc_custom_1600728741902{padding-top: 90px !important;}&#8221;]<\/p>\n<h1 style=\"font-size: 50px;\">Somos Um Escrit\u00f3rio de Planejamento Patrimonial Internacional<\/h1>\n<p><span style=\"font-size: 20px;\">Auxiliamos Pessoas F\u00edsicas E Jur\u00eddicas Em Diversos Pa\u00edses.<\/span>[\/vc_column_text][\/vc_column][vc_column width=&#8221;1\/2&#8243;][\/vc_column][\/vc_row][vc_row full_height=&#8221;yes&#8221; css=&#8221;.vc_custom_1600728963166{padding-top: 125px !important;padding-bottom: 125px !important;background-image: url(https:\/\/heidnerlaw.com\/wp-content\/uploads\/2020\/09\/Heidner-Law-Website-Homepage-Mobile.png?id=1691) !important;background-position: center !important;background-repeat: no-repeat !important;background-size: cover !important;}&#8221; el_id=&#8221;home-background-mobile-image&#8221;][vc_column][\/vc_column][\/vc_row][vc_row full_height=&#8221;yes&#8221; css=&#8221;.vc_custom_1600728666991{background-position: center !important;background-repeat: no-repeat !important;background-size: cover !important;}&#8221; el_id=&#8221;home-background-mobile&#8221;][vc_column][vc_column_text css=&#8221;.vc_custom_1600728981936{padding-top: 5px !important;}&#8221;]<\/p>\n<h1 style=\"font-size: 40px;\">Somos Um Escrit\u00f3rio de Planejamento Patrimonial Internacional<\/h1>\n<p><span style=\"font-size: 20px;\">Auxiliamos Pessoas F\u00edsicas E Jur\u00eddicas Em Diversos Pa\u00edses.<\/span>[\/vc_column_text][\/vc_column][\/vc_row][vc_row css=&#8221;.vc_custom_1600722585173{padding-top: 150px !important;padding-bottom: 125px !important;background-color: #800700 !important;background-position: center !important;background-repeat: no-repeat !important;background-size: cover !important;}&#8221;][vc_column width=&#8221;1\/2&#8243;][vc_single_image source=&#8221;external_link&#8221; external_img_size=&#8221;full&#8221; custom_src=&#8221;https:\/\/heidnerlaw.com\/wp-content\/uploads\/2021\/01\/Books-Image.jpg&#8221;][\/vc_column][vc_column width=&#8221;1\/2&#8243;][vc_column_text css=&#8221;.vc_custom_1600722350740{padding-top: 50px !important;padding-left: 25px !important;}&#8221;]<\/p>\n<h2 style=\"font-size: 20px;\"><span style=\"color: #ffffff;\">INTRODU\u00c7\u00c3O<\/span><\/h2>\n<p>[\/vc_column_text][vc_column_text css=&#8221;.vc_custom_1755549205980{margin-top: -15px !important;padding-left: 25px !important;}&#8221;]<\/p>\n<h2 style=\"font-size: 50px;\"><span style=\"color: #ffffff;\">Heidner Law Firm, P.C.<\/span><\/h2>\n<p><span style=\"color: #ffffff;\">Somos um escrit\u00f3rio de advocacia com sede em Nova York que oferece planejamento patrimonial abrangente a grandes fortunas nas \u00e1reas corporativa, imobili\u00e1ria, sucess\u00f3ria e fiscal internacionais. Nossa equipe conta com profissionais licenciados no Brasil, Nova Iorque, e Fl\u00f3rida.<\/span><\/p>\n<p><span style=\"color: #ffffff;\">Nos comprometemos a prestar servi\u00e7os personalizados, maximizando benef\u00edcios e garantindo a confian\u00e7a de nossos clientes. Atendemos pessoas f\u00edsicas e jur\u00eddicas em todos os continentes, e contamos com profissionais capazes de se comunicar em Portugu\u00eas, Ingl\u00eas e Espanhol.<\/span>[\/vc_column_text][\/vc_column][\/vc_row][vc_row css=&#8221;.vc_custom_1600723613771{padding-top: 65px !important;padding-bottom: 50px !important;background-color: #363b3f !important;}&#8221;][vc_column][vc_column_text]<\/p>\n<h3><a href=\"https:\/\/heidnerlaw.com\/pt-br\/termos-e-condicoes\/\"><span style=\"color: #ffffff;\" data-wp-editing=\"1\"><img loading=\"lazy\" decoding=\"async\" class=\"alignnone wp-image-1669\" src=\"https:\/\/heidnerlaw.com\/wp-content\/uploads\/2020\/09\/Heidner-Law-Website-TermsIcon.png\" alt=\"\" width=\"23\" height=\"28\" srcset=\"https:\/\/heidnerlaw.com\/wp-content\/uploads\/2020\/09\/Heidner-Law-Website-TermsIcon.png 30w, https:\/\/heidnerlaw.com\/wp-content\/uploads\/2020\/09\/Heidner-Law-Website-TermsIcon-600x720.png 600w, https:\/\/heidnerlaw.com\/wp-content\/uploads\/2020\/09\/Heidner-Law-Website-TermsIcon-768x921.png 768w\" sizes=\"auto, (max-width: 23px) 100vw, 23px\" \/> ACESSE AQUI NOSSOS TERMOS E CONDI\u00c7\u00d5ES DE SERVI\u00c7OS<\/span><\/a><\/h3>\n<p>[\/vc_column_text][\/vc_column][\/vc_row][vc_row css=&#8221;.vc_custom_1600729087474{background-color: #0a0a0a !important;}&#8221; el_id=&#8221;home-practice-desktop-1&#8243;][vc_column][vc_column_text css=&#8221;.vc_custom_1600724912280{padding-top: 50px !important;padding-right: 50px !important;padding-left: 50px !important;}&#8221;]<\/p>\n<h3 style=\"font-size: 20px; text-align: center;\"><span style=\"color: #ffffff;\">\u00c1REAS DE ATUA\u00c7\u00c3O<\/span><\/h3>\n<p>[\/vc_column_text][vc_column_text css=&#8221;.vc_custom_1601048468954{padding-top: 15px !important;padding-right: 50px !important;padding-left: 50px !important;}&#8221;]<\/p>\n<h3 style=\"font-size: 50px; text-align: center;\"><span style=\"color: #ffffff;\">Conte Com Nossas Diversas \u00c1reas de Atua\u00e7\u00e3o Para Atingir Seus Objetivos<\/span><\/h3>\n<p>[\/vc_column_text][\/vc_column][\/vc_row][vc_row css=&#8221;.vc_custom_1600729109148{background-color: #0a0a0a !important;}&#8221; el_id=&#8221;home-practice-mobile-1&#8243;][vc_column][vc_column_text css=&#8221;.vc_custom_1600729267480{padding-top: 50px !important;padding-right: 0px !important;padding-left: 0px !important;}&#8221;]<\/p>\n<h3 style=\"font-size: 20px; text-align: center;\"><span style=\"color: #ffffff;\">\u00c1REAS DE ATUA\u00c7\u00c3O<\/span><\/h3>\n<p>[\/vc_column_text][vc_column_text css=&#8221;.vc_custom_1600729257398{padding-top: 15px !important;padding-right: 0px !important;padding-left: 0px !important;}&#8221;]<\/p>\n<h3 style=\"font-size: 40px; text-align: center;\"><span style=\"color: #ffffff;\">Conte Com Nossas Diversas \u00c1reas de Atua\u00e7\u00e3o Para Atingir Seus Objetivos<\/span><\/h3>\n<p>[\/vc_column_text][\/vc_column][\/vc_row][vc_row css=&#8221;.vc_custom_1600729307137{padding-top: 0px !important;background-color: #0a0a0a !important;}&#8221; el_id=&#8221;home-icons-desktop-1&#8243;][vc_column width=&#8221;1\/2&#8243; css=&#8221;.vc_custom_1600724431861{padding-right: 0px !important;padding-left: 0px !important;}&#8221;][vc_single_image image=&#8221;1672&#8243; img_size=&#8221;full&#8221; alignment=&#8221;center&#8221; css=&#8221;.vc_custom_1600724728504{margin-bottom: 0px !important;padding-bottom: 10px !important;}&#8221;][vc_column_text css=&#8221;.vc_custom_1601048991413{padding-top: 0px !important;padding-right: 0px !important;padding-bottom: 0px !important;padding-left: 0px !important;}&#8221;]<\/p>\n<p style=\"text-align: center;\"><span style=\"font-size: 34px; text-align: center; color: #ffffff; line-height: 38px;\"><strong>PLANEJAMENTO PATRIMONIAL INTERNACIONAL<\/strong><\/span><\/p>\n<p>[\/vc_column_text][vc_column_text css=&#8221;.vc_custom_1600730551187{padding-top: 0px !important;padding-right: 200px !important;padding-bottom: 0px !important;padding-left: 200px !important;}&#8221;]<\/p>\n<hr \/>\n<p>[\/vc_column_text][vc_column_text css=&#8221;.vc_custom_1600730240572{margin-top: -5px !important;padding-top: 15px !important;padding-bottom: 0px !important;}&#8221;]<\/p>\n<p style=\"text-align: center;\"><a href=\"https:\/\/heidnerlaw.com\/pt-br\/areas-de-atuacao\/\"><span style=\"color: #ffffff;\">Saber mais \u2192<\/span><\/a><\/p>\n<p>[\/vc_column_text][\/vc_column][vc_column width=&#8221;1\/2&#8243;][vc_single_image image=&#8221;1675&#8243; img_size=&#8221;full&#8221; alignment=&#8221;center&#8221; css=&#8221;.vc_custom_1600725858381{margin-bottom: 0px !important;padding-bottom: 10px !important;}&#8221;][vc_column_text css=&#8221;.vc_custom_1600725164274{padding-top: 0px !important;padding-right: 0px !important;padding-bottom: 0px !important;padding-left: 0px !important;}&#8221;]<\/p>\n<p style=\"text-align: center;\"><span style=\"font-size: 34px; text-align: center; color: #ffffff; line-height: 38px;\"><strong>CORPORATIVO, NEG\u00d3CIOS E BANC\u00c1RIO<\/strong><\/span><\/p>\n<p>[\/vc_column_text][vc_column_text css=&#8221;.vc_custom_1600729539004{padding-top: 0px !important;padding-right: 200px !important;padding-bottom: 0px !important;padding-left: 200px !important;}&#8221;]<\/p>\n<hr \/>\n<p>[\/vc_column_text][vc_column_text css=&#8221;.vc_custom_1600730249142{margin-top: -5px !important;padding-top: 15px !important;padding-bottom: 0px !important;}&#8221;]<\/p>\n<p style=\"text-align: center;\"><a href=\"https:\/\/heidnerlaw.com\/pt-br\/areas-de-atuacao\/\"><span style=\"color: #ffffff;\">Saber mais \u2192<\/span><\/a><\/p>\n<p>[\/vc_column_text][\/vc_column][\/vc_row][vc_row css=&#8221;.vc_custom_1600729438599{padding-top: 0px !important;background-color: #0a0a0a !important;}&#8221; el_id=&#8221;home-icons-mobile-1&#8243;][vc_column width=&#8221;1\/2&#8243; css=&#8221;.vc_custom_1600724431861{padding-right: 0px !important;padding-left: 0px !important;}&#8221;][vc_single_image image=&#8221;1672&#8243; img_size=&#8221;full&#8221; alignment=&#8221;center&#8221; css=&#8221;.vc_custom_1600724728504{margin-bottom: 0px !important;padding-bottom: 10px !important;}&#8221;][vc_column_text css=&#8221;.vc_custom_1601563334799{padding-top: 0px !important;padding-right: 0px !important;padding-bottom: 0px !important;padding-left: 0px !important;}&#8221;]<\/p>\n<p style=\"text-align: center;\"><span style=\"font-size: 34px; text-align: center; color: #ffffff; line-height: 38px;\"><strong>PLANEJAMENTO PATRIMONIAL INTERNACIONAL<\/strong><\/span><\/p>\n<p>[\/vc_column_text][vc_column_text css=&#8221;.vc_custom_1600729817858{padding-top: 0px !important;padding-right: 30px !important;padding-bottom: 0px !important;padding-left: 30px !important;}&#8221;]<\/p>\n<hr \/>\n<p>[\/vc_column_text][vc_column_text css=&#8221;.vc_custom_1600730257520{margin-top: -5px !important;padding-top: 15px !important;padding-bottom: 0px !important;}&#8221;]<\/p>\n<p style=\"text-align: center;\"><a href=\"https:\/\/heidnerlaw.com\/pt-br\/areas-de-atuacao\/\"><span style=\"color: #ffffff;\">Saber mais \u2192<\/span><\/a><\/p>\n<p>[\/vc_column_text][\/vc_column][vc_column width=&#8221;1\/2&#8243;][vc_single_image image=&#8221;1675&#8243; img_size=&#8221;full&#8221; alignment=&#8221;center&#8221; css=&#8221;.vc_custom_1600729768044{margin-bottom: 0px !important;padding-top: 100px !important;padding-bottom: 10px !important;}&#8221;][vc_column_text css=&#8221;.vc_custom_1600725164274{padding-top: 0px !important;padding-right: 0px !important;padding-bottom: 0px !important;padding-left: 0px !important;}&#8221;]<\/p>\n<p style=\"text-align: center;\"><span style=\"font-size: 34px; text-align: center; color: #ffffff; line-height: 38px;\"><strong>CORPORATIVO, NEG\u00d3CIOS E BANC\u00c1RIO<\/strong><\/span><\/p>\n<p>[\/vc_column_text][vc_column_text css=&#8221;.vc_custom_1600729822716{padding-top: 0px !important;padding-right: 30px !important;padding-bottom: 0px !important;padding-left: 30px !important;}&#8221;]<\/p>\n<hr \/>\n<p>[\/vc_column_text][vc_column_text css=&#8221;.vc_custom_1600730265813{margin-top: -5px !important;padding-top: 15px !important;padding-bottom: 0px !important;}&#8221;]<\/p>\n<p style=\"text-align: center;\"><a href=\"https:\/\/heidnerlaw.com\/pt-br\/areas-de-atuacao\/\"><span style=\"color: #ffffff;\">Saber mais \u2192<\/span><\/a><\/p>\n<p>[\/vc_column_text][\/vc_column][\/vc_row][vc_row css=&#8221;.vc_custom_1600729315051{padding-bottom: 150px !important;background-color: #0a0a0a !important;}&#8221; el_id=&#8221;home-icons-desktop-2&#8243;][vc_column width=&#8221;1\/2&#8243; css=&#8221;.vc_custom_1600724431861{padding-right: 0px !important;padding-left: 0px !important;}&#8221;][vc_single_image image=&#8221;1678&#8243; img_size=&#8221;full&#8221; alignment=&#8221;center&#8221; css=&#8221;.vc_custom_1600725881728{margin-bottom: 0px !important;padding-bottom: 10px !important;}&#8221;][vc_column_text css=&#8221;.vc_custom_1600725185585{padding-top: 0px !important;padding-right: 0px !important;padding-bottom: 0px !important;padding-left: 0px !important;}&#8221;]<\/p>\n<p style=\"text-align: center;\"><span style=\"font-size: 34px; text-align: center; color: #ffffff; line-height: 38px;\"><strong>IMOBILI\u00c1RIA<\/strong><\/span><\/p>\n<p>[\/vc_column_text][vc_column_text css=&#8221;.vc_custom_1600725031228{padding-top: 0px !important;padding-right: 200px !important;padding-bottom: 0px !important;padding-left: 200px !important;}&#8221;]<\/p>\n<hr \/>\n<p>[\/vc_column_text][vc_column_text css=&#8221;.vc_custom_1600730275309{margin-top: -5px !important;padding-top: 15px !important;padding-bottom: 0px !important;}&#8221;]<\/p>\n<p style=\"text-align: center;\"><a href=\"https:\/\/heidnerlaw.com\/pt-br\/areas-de-atuacao\/\"><span style=\"color: #ffffff;\">Saber mais \u2192<\/span><\/a><\/p>\n<p>[\/vc_column_text][\/vc_column][vc_column width=&#8221;1\/2&#8243;][vc_single_image image=&#8221;1681&#8243; img_size=&#8221;full&#8221; alignment=&#8221;center&#8221; css=&#8221;.vc_custom_1600725897183{margin-bottom: 0px !important;padding-bottom: 10px !important;}&#8221;][vc_column_text css=&#8221;.vc_custom_1600725196643{padding-top: 0px !important;padding-right: 0px !important;padding-bottom: 0px !important;padding-left: 0px !important;}&#8221;]<\/p>\n<p style=\"text-align: center;\"><span style=\"font-size: 34px; text-align: center; color: #ffffff; line-height: 38px;\"><strong>TAX<\/strong><\/span><\/p>\n<p>[\/vc_column_text][vc_column_text css=&#8221;.vc_custom_1600725031228{padding-top: 0px !important;padding-right: 200px !important;padding-bottom: 0px !important;padding-left: 200px !important;}&#8221;]<\/p>\n<hr \/>\n<p>[\/vc_column_text][vc_column_text css=&#8221;.vc_custom_1600730282593{margin-top: -5px !important;padding-top: 15px !important;padding-bottom: 0px !important;}&#8221;]<\/p>\n<p style=\"text-align: center;\"><a href=\"https:\/\/heidnerlaw.com\/pt-br\/areas-de-atuacao\/\"><span style=\"color: #ffffff;\">Saber mais \u2192<\/span><\/a><\/p>\n<p>[\/vc_column_text][\/vc_column][\/vc_row][vc_row css=&#8221;.vc_custom_1600729429889{padding-bottom: 150px !important;background-color: #0a0a0a !important;}&#8221; el_id=&#8221;home-icons-mobile-2&#8243;][vc_column width=&#8221;1\/2&#8243; css=&#8221;.vc_custom_1600729738329{padding-top: 0px !important;padding-right: 0px !important;padding-left: 0px !important;}&#8221;][vc_single_image image=&#8221;1678&#8243; img_size=&#8221;full&#8221; alignment=&#8221;center&#8221; css=&#8221;.vc_custom_1600729661787{margin-bottom: 0px !important;padding-top: 0px !important;padding-bottom: 10px !important;}&#8221;][vc_column_text css=&#8221;.vc_custom_1600725185585{padding-top: 0px !important;padding-right: 0px !important;padding-bottom: 0px !important;padding-left: 0px !important;}&#8221;]<\/p>\n<p style=\"text-align: center;\"><span style=\"font-size: 34px; text-align: center; color: #ffffff; line-height: 38px;\"><strong>IMOBILI\u00c1RIA<\/strong><\/span><\/p>\n<p>[\/vc_column_text][vc_column_text css=&#8221;.vc_custom_1600729811992{padding-top: 0px !important;padding-right: 30px !important;padding-bottom: 0px !important;padding-left: 30px !important;}&#8221;]<\/p>\n<hr \/>\n<p>[\/vc_column_text][vc_column_text css=&#8221;.vc_custom_1600730289919{margin-top: -5px !important;padding-top: 15px !important;padding-bottom: 0px !important;}&#8221;]<\/p>\n<p style=\"text-align: center;\"><a href=\"https:\/\/heidnerlaw.com\/pt-br\/areas-de-atuacao\/\"><span style=\"color: #ffffff;\">Saber mais \u2192<\/span><\/a><\/p>\n<p>[\/vc_column_text][\/vc_column][vc_column width=&#8221;1\/2&#8243;][vc_single_image image=&#8221;1681&#8243; img_size=&#8221;full&#8221; alignment=&#8221;center&#8221; css=&#8221;.vc_custom_1600729799780{margin-bottom: 0px !important;padding-top: 100px !important;padding-bottom: 10px !important;}&#8221;][vc_column_text css=&#8221;.vc_custom_1600725196643{padding-top: 0px !important;padding-right: 0px !important;padding-bottom: 0px !important;padding-left: 0px !important;}&#8221;]<\/p>\n<p style=\"text-align: center;\"><span style=\"font-size: 34px; text-align: center; color: #ffffff; line-height: 38px;\"><strong>TAX<\/strong><\/span><\/p>\n<p>[\/vc_column_text][vc_column_text css=&#8221;.vc_custom_1600729807704{padding-top: 0px !important;padding-right: 30px !important;padding-bottom: 0px !important;padding-left: 30px !important;}&#8221;]<\/p>\n<hr \/>\n<p>[\/vc_column_text][vc_column_text css=&#8221;.vc_custom_1600730296861{margin-top: -5px !important;padding-top: 15px !important;padding-bottom: 0px !important;}&#8221;]<\/p>\n<p style=\"text-align: center;\"><a href=\"https:\/\/heidnerlaw.com\/pt-br\/areas-de-atuacao\/\"><span style=\"color: #ffffff;\">Saber mais \u2192<\/span><\/a><\/p>\n<p>[\/vc_column_text][\/vc_column][\/vc_row][vc_row css=&#8221;.vc_custom_1600729860279{padding-top: 75px !important;padding-bottom: 75px !important;background-image: url(https:\/\/heidnerlaw.com\/wp-content\/uploads\/2020\/09\/Heidner-Law-Website-RedBackground.png?id=1684) !important;background-position: center !important;background-repeat: no-repeat !important;background-size: cover !important;}&#8221; el_id=&#8221;home-quote-desktop&#8221;][vc_column][vc_column_text css=&#8221;.vc_custom_1600727436584{padding-top: 50px !important;padding-right: 0px !important;padding-left: 0px !important;}&#8221;]<\/p>\n<h3 style=\"font-size: 20px; text-align: center;\"><span style=\"color: #ffffff;\">NOSSA PROMESSA PARA VOC\u00ca<\/span><\/h3>\n<p>[\/vc_column_text][vc_column_text css=&#8221;.vc_custom_1601048742107{padding-top: 15px !important;padding-right: 50px !important;padding-left: 50px !important;}&#8221;]<\/p>\n<h3 style=\"font-size: 50px; text-align: center;\"><span style=\"color: #ffffff;\">\u201cEstamos Firmemente Comprometidos a Prestar Servi\u00e7os Jur\u00eddicos Personalizados Com Respeito Aos Nossos Clientes e Focados na Obten\u00e7\u00e3o de Resultados Positivos.\u201d<\/span><\/h3>\n<p>[\/vc_column_text][vc_single_image image=&#8221;1687&#8243; img_size=&#8221;full&#8221; alignment=&#8221;center&#8221; css=&#8221;.vc_custom_1601048615032{padding-top: 40px !important;padding-right: 400px !important;padding-left: 400px !important;}&#8221;][vc_column_text css=&#8221;.vc_custom_1600727874088{padding-top: 10px !important;padding-right: 0px !important;padding-left: 0px !important;}&#8221;]<\/p>\n<h3 style=\"font-size: 20px; text-align: center;\"><strong><span style=\"color: #ffffff;\">Leonardo Heidner<\/span><\/strong><\/h3>\n<p>[\/vc_column_text][vc_column_text css=&#8221;.vc_custom_1601048596396{padding-top: 5px !important;padding-right: 0px !important;padding-left: 0px !important;}&#8221;]<\/p>\n<h3 style=\"font-size: 18px; text-align: center;\"><span style=\"color: #ffffff;\">Attorney<\/span><\/h3>\n<p>[\/vc_column_text][\/vc_column][\/vc_row][vc_row css=&#8221;.vc_custom_1600730106974{padding-top: 75px !important;padding-bottom: 75px !important;background-image: url(https:\/\/heidnerlaw.com\/wp-content\/uploads\/2020\/09\/Heidner-Law-Website-RedBackground.png?id=1684) !important;background-position: center !important;background-repeat: no-repeat !important;background-size: cover !important;}&#8221; el_id=&#8221;home-quote-mobile&#8221;][vc_column][vc_column_text css=&#8221;.vc_custom_1600727436584{padding-top: 50px !important;padding-right: 0px !important;padding-left: 0px !important;}&#8221;]<\/p>\n<h3 style=\"font-size: 20px; text-align: center;\"><span style=\"color: #ffffff;\">NOSSA PROMESSA PARA VOC\u00ca<\/span><\/h3>\n<p>[\/vc_column_text][vc_column_text css=&#8221;.vc_custom_1600730138911{padding-top: 15px !important;padding-right: 0px !important;padding-left: 0px !important;}&#8221;]<\/p>\n<h3 style=\"font-size: 30px; text-align: center;\"><span style=\"color: #ffffff;\">\u201cEstamos Firmemente Comprometidos a Prestar Servi\u00e7os Jur\u00eddicos Personalizados Com Respeito Aos Nossos Clientes e Focados na Obten\u00e7\u00e3o de Resultados Positivos.\u201d<\/span><\/h3>\n<p>[\/vc_column_text][vc_single_image image=&#8221;1687&#8243; img_size=&#8221;full&#8221; alignment=&#8221;center&#8221; css=&#8221;.vc_custom_1600729960850{padding-top: 40px !important;padding-right: 40px !important;padding-left: 40px !important;}&#8221;][vc_column_text css=&#8221;.vc_custom_1600727874088{padding-top: 10px !important;padding-right: 0px !important;padding-left: 0px !important;}&#8221;]<\/p>\n<h3 style=\"font-size: 20px; text-align: center;\"><strong><span style=\"color: #ffffff;\">Leonardo Heidner<\/span><\/strong><\/h3>\n<p>[\/vc_column_text][vc_column_text css=&#8221;.vc_custom_1601046979890{padding-top: 5px !important;padding-right: 0px !important;padding-left: 0px !important;}&#8221;]<\/p>\n<h3 style=\"font-size: 18px; text-align: center;\"><span style=\"color: #ffffff;\">Attorney<\/span><\/h3>\n<p>[\/vc_column_text][\/vc_column][\/vc_row]<\/p>\n<\/div>","protected":false},"excerpt":{"rendered":"<p>[vc_row full_height=&#8221;yes&#8221; css=&#8221;.vc_custom_1600728222573{background-image: url(https:\/\/heidnerlaw.com\/wp-content\/uploads\/2020\/09\/Heidner-Website-Header-1.jpg?id=1663) !important;background-position: center !important;background-repeat: no-repeat !important;background-size: cover !important;}&#8221; el_id=&#8221;home-background-desktop&#8221;][vc_column width=&#8221;1\/2&#8243;][vc_column_text css=&#8221;.vc_custom_1600728741902{padding-top: 90px !important;}&#8221;] Somos Um Escrit\u00f3rio de Planejamento Patrimonial Internacional Auxiliamos Pessoas F\u00edsicas E Jur\u00eddicas Em Diversos Pa\u00edses.[\/vc_column_text][\/vc_column][vc_column width=&#8221;1\/2&#8243;][\/vc_column][\/vc_row][vc_row full_height=&#8221;yes&#8221; css=&#8221;.vc_custom_1600728963166{padding-top: 125px !important;padding-bottom: 125px !important;background-image: url(https:\/\/heidnerlaw.com\/wp-content\/uploads\/2020\/09\/Heidner-Law-Website-Homepage-Mobile.png?id=1691) !important;background-position: center !important;background-repeat: no-repeat !important;background-size: cover !important;}&#8221; el_id=&#8221;home-background-mobile-image&#8221;][vc_column][\/vc_column][\/vc_row][vc_row full_height=&#8221;yes&#8221; css=&#8221;.vc_custom_1600728666991{background-position: center !important;background-repeat: no-repeat !important;background-size: cover !important;}&#8221; [&hellip;]<\/p>\n","protected":false},"author":1,"featured_media":0,"parent":0,"menu_order":0,"comment_status":"open","ping_status":"closed","template":"page-templates\/template-home.php","meta":{"_monsterinsights_skip_tracking":false,"_monsterinsights_sitenote_active":false,"_monsterinsights_sitenote_note":"","_monsterinsights_sitenote_category":0,"footnotes":""},"class_list":["post-1708","page","type-page","status-publish","hentry"],"jetpack_sharing_enabled":true,"_links":{"self":[{"href":"https:\/\/heidnerlaw.com\/pt-br\/wp-json\/wp\/v2\/pages\/1708","targetHints":{"allow":["GET"]}}],"collection":[{"href":"https:\/\/heidnerlaw.com\/pt-br\/wp-json\/wp\/v2\/pages"}],"about":[{"href":"https:\/\/heidnerlaw.com\/pt-br\/wp-json\/wp\/v2\/types\/page"}],"author":[{"embeddable":true,"href":"https:\/\/heidnerlaw.com\/pt-br\/wp-json\/wp\/v2\/users\/1"}],"replies":[{"embeddable":true,"href":"https:\/\/heidnerlaw.com\/pt-br\/wp-json\/wp\/v2\/comments?post=1708"}],"version-history":[{"count":0,"href":"https:\/\/heidnerlaw.com\/pt-br\/wp-json\/wp\/v2\/pages\/1708\/revisions"}],"wp:attachment":[{"href":"https:\/\/heidnerlaw.com\/pt-br\/wp-json\/wp\/v2\/media?parent=1708"}],"curies":[{"name":"wp","href":"https:\/\/api.w.org\/{rel}","templated":true}]}}