{"id":1288,"date":"2017-10-05T01:53:09","date_gmt":"2017-10-05T01:53:09","guid":{"rendered":"https:\/\/heidnerlaw.com\/areas-de-atuacao\/"},"modified":"2020-10-05T17:19:02","modified_gmt":"2020-10-05T17:19:02","slug":"areas-de-atuacao","status":"publish","type":"page","link":"https:\/\/heidnerlaw.com\/pt-br\/areas-de-atuacao\/","title":{"rendered":"\u00c1REAS DE ATUA\u00c7\u00c3O"},"content":{"rendered":"<div class=\"wpb-content-wrapper\"><p>[vc_row css=&#8221;.vc_custom_1507168937370{margin-top: -30px !important;}&#8221;][vc_column width=&#8221;1\/2&#8243; css=&#8221;.vc_custom_1507317320899{margin-top: -25px !important;}&#8221;]<article class=\"envor-feature\">\n\n\t\t\t\t\t<div class=\"envor-feature-inner\">\n\n\t\t\t\t\t<header>\n\n\t\t\t\t\t\t<i class=\"fa fa-briefcase\"><\/i>\n\n\t\t\t\t\tPlanejamento Internacional\n\n\t\t\t\t\t<span class=\"arrow-color\"><\/span><\/header>\n\n\t\t\t\t\t<p>Somos dedicados \u00e0 busca das melhores estrat\u00e9gias fiscais, societ\u00e1rias e fiduci\u00e1rias para nossos clientes internacionais a partir de uma abordagem global sem negligenciar a lei dos seus pa\u00edses de origem. Utilizamos uma ampla gama de ferramentas e rede de prestadores de servi\u00e7os, para assistir com investimentos Americanos e estrangeiros, com foco em planejamento fiscal, sucess\u00f3rio e de prote\u00e7\u00e3o de ativos, sempre visando legalmente minimizar impostos e garantir a privacidade de nossos clientes.<\/p>\n\n\t\t\t\t\t<p><a href=\"#\"> <i class=\"fa fa-arrow-circle-right\"><\/i><\/a><\/p>\n\n\t\t\t\t\t<\/div>\n\n\t\t\t\t<\/article>[\/vc_column][vc_column width=&#8221;1\/2&#8243; css=&#8221;.vc_custom_1507317309410{margin-top: -25px !important;}&#8221;]<article class=\"envor-feature\">\n\n\t\t\t\t\t<div class=\"envor-feature-inner\">\n\n\t\t\t\t\t<header>\n\n\t\t\t\t\t\t<i class=\"fa fa-calculator\"><\/i>\n\n\t\t\t\t\tTributos\n\n\t\t\t\t\t<span class=\"arrow-color\"><\/span><\/header>\n\n\t\t\t\t\t<p>Nos dedicamos a estrat\u00e9gias fiscais de planejamento sempre visando a legitima minimiza\u00e7\u00e3o da carga tribut\u00e1ria. Para esta assessoria contamos com uma rede de colaboradores em diversos pa\u00edses e tamb\u00e9m uma biblioteca digital abrangente e atualizada.<\/p>\n\n\t\t\t\t\t<p><a href=\"#\"> <i class=\"fa fa-arrow-circle-right\"><\/i><\/a><\/p>\n\n\t\t\t\t\t<\/div>\n\n\t\t\t\t<\/article>[\/vc_column][\/vc_row][vc_row css=&#8221;.vc_custom_1507169941699{margin-top: -80px !important;}&#8221;][vc_column width=&#8221;1\/2&#8243; css=&#8221;.vc_custom_1507317457605{margin-top: -20px !important;margin-bottom: -20px !important;}&#8221;]<article class=\"envor-feature\">\n\n\t\t\t\t\t<div class=\"envor-feature-inner\">\n\n\t\t\t\t\t<header>\n\n\t\t\t\t\t\t<i class=\"fa fa-home\"><\/i>\n\n\t\t\t\t\tInvestimentos Imobili\u00e1rios\n\n\t\t\t\t\t<span class=\"arrow-color\"><\/span><\/header>\n\n\t\t\t\t\t<p>Nossos clientes recebem ampla orienta\u00e7\u00e3o e apoio para todos os assuntos imobili\u00e1rios nacionais e internacionais que abrangem compra e venda, financiamento e arrendamentos para pessoas e empresas Americanas e estrangeiras. Nosso objetivo \u00e9 sempre apresentar solu\u00e7\u00f5es adequadas \u00e0s necessidades particulares de cada cliente.<\/p>\n\n\t\t\t\t\t<p><a href=\"#\"> <i class=\"fa fa-arrow-circle-right\"><\/i><\/a><\/p>\n\n\t\t\t\t\t<\/div>\n\n\t\t\t\t<\/article>[\/vc_column][vc_column width=&#8221;1\/2&#8243; css=&#8221;.vc_custom_1507318028435{margin-top: -19px !important;}&#8221;]<article class=\"envor-feature\">\n\n\t\t\t\t\t<div class=\"envor-feature-inner\">\n\n\t\t\t\t\t<header>\n\n\t\t\t\t\t\t<i class=\"fa fa-bank\"><\/i>\n\n\t\t\t\t\tDireito Empresarial e Financeiro\n\n\t\t\t\t\t<span class=\"arrow-color\"><\/span><\/header>\n\n\t\t\t\t\t<p>Oferecemos assessoria e orienta\u00e7\u00e3o sobre as transa\u00e7\u00f5es comerciais e financeiras tendo como clientes institui\u00e7\u00f5es financeiras com abrang\u00eancia dom\u00e9stica e internacional.<\/p>\n\n\t\t\t\t\t<p><a href=\"#\"> <i class=\"fa fa-arrow-circle-right\"><\/i><\/a><\/p>\n\n\t\t\t\t\t<\/div>\n\n\t\t\t\t<\/article>[\/vc_column][\/vc_row][vc_row css=&#8221;.vc_custom_1507754054158{margin-top: -40px !important;margin-bottom: -55px !important;}&#8221;][vc_column css=&#8221;.vc_custom_1507317535156{margin-top: -20px !important;}&#8221;]<div class=\"envor-call-to-action-3\">\n                <div class=\"row\">\n                  <div class=\"col-lg-10\">\n                    <h3>Contate-nos sem compromisso.<\/h3>\n                    <p><\/p>\n                  <\/div>\n                  <div class=\"col-lg-2\">\n                    <a href=\"mailto:info@heidnerlaw.com\" class=\"envor-btn envor-btn-primary envor-btn-normal\">CONTATE-NOS<\/a>\n                  <\/div>\n                <\/div>\n              <\/div>[\/vc_column][\/vc_row]<\/p>\n<\/div>","protected":false},"excerpt":{"rendered":"<p>[vc_row css=&#8221;.vc_custom_1507168937370{margin-top: -30px !important;}&#8221;][vc_column width=&#8221;1\/2&#8243; css=&#8221;.vc_custom_1507317320899{margin-top: -25px !important;}&#8221;][\/vc_column][vc_column width=&#8221;1\/2&#8243; css=&#8221;.vc_custom_1507317309410{margin-top: -25px !important;}&#8221;][\/vc_column][\/vc_row][vc_row css=&#8221;.vc_custom_1507169941699{margin-top: -80px !important;}&#8221;][vc_column width=&#8221;1\/2&#8243; css=&#8221;.vc_custom_1507317457605{margin-top: -20px !important;margin-bottom: -20px !important;}&#8221;][\/vc_column][vc_column width=&#8221;1\/2&#8243; css=&#8221;.vc_custom_1507318028435{margin-top: -19px !important;}&#8221;][\/vc_column][\/vc_row][vc_row css=&#8221;.vc_custom_1507754054158{margin-top: -40px !important;margin-bottom: -55px !important;}&#8221;][vc_column css=&#8221;.vc_custom_1507317535156{margin-top: -20px !important;}&#8221;][\/vc_column][\/vc_row]<\/p>\n","protected":false},"author":1,"featured_media":1558,"parent":0,"menu_order":3,"comment_status":"closed","ping_status":"open","template":"","meta":{"_monsterinsights_skip_tracking":false,"_monsterinsights_sitenote_active":false,"_monsterinsights_sitenote_note":"","_monsterinsights_sitenote_category":0,"footnotes":""},"class_list":["post-1288","page","type-page","status-publish","has-post-thumbnail","hentry"],"jetpack_sharing_enabled":true,"_links":{"self":[{"href":"https:\/\/heidnerlaw.com\/pt-br\/wp-json\/wp\/v2\/pages\/1288","targetHints":{"allow":["GET"]}}],"collection":[{"href":"https:\/\/heidnerlaw.com\/pt-br\/wp-json\/wp\/v2\/pages"}],"about":[{"href":"https:\/\/heidnerlaw.com\/pt-br\/wp-json\/wp\/v2\/types\/page"}],"author":[{"embeddable":true,"href":"https:\/\/heidnerlaw.com\/pt-br\/wp-json\/wp\/v2\/users\/1"}],"replies":[{"embeddable":true,"href":"https:\/\/heidnerlaw.com\/pt-br\/wp-json\/wp\/v2\/comments?post=1288"}],"version-history":[{"count":0,"href":"https:\/\/heidnerlaw.com\/pt-br\/wp-json\/wp\/v2\/pages\/1288\/revisions"}],"wp:featuredmedia":[{"embeddable":true,"href":"https:\/\/heidnerlaw.com\/pt-br\/wp-json\/wp\/v2\/media\/1558"}],"wp:attachment":[{"href":"https:\/\/heidnerlaw.com\/pt-br\/wp-json\/wp\/v2\/media?parent=1288"}],"curies":[{"name":"wp","href":"https:\/\/api.w.org\/{rel}","templated":true}]}}