{"id":1258,"date":"2017-09-30T18:32:15","date_gmt":"2017-09-30T18:32:15","guid":{"rendered":"https:\/\/heidnerlaw.com\/aviso-legal\/"},"modified":"2017-10-05T00:51:54","modified_gmt":"2017-10-05T00:51:54","slug":"aviso-legal","status":"publish","type":"page","link":"https:\/\/heidnerlaw.com\/pt-br\/aviso-legal\/","title":{"rendered":"AVISO LEGAL"},"content":{"rendered":"<h4>Nosso site cont\u00e9m informa\u00e7\u00f5es gerais sobre o Escrit\u00f3rio de Advocacia de Leonardo Heidner, PC. (&#8220;The Firm&#8221;). A informa\u00e7\u00e3o apresentada n\u00e3o \u00e9 um aconselhamento jur\u00eddico e n\u00e3o deve ser invocado como fonte de aconselhamento jur\u00eddico. O uso de informa\u00e7\u00f5es contidas neste site n\u00e3o cria uma rela\u00e7\u00e3o advogado-cliente entre a empresa e qualquer pessoa f\u00edsica ou jur\u00eddica utilizar o site ou qualquer informa\u00e7\u00e3o aqui contida. A Empresa n\u00e3o \u00e9 respons\u00e1vel por seu uso ou depend\u00eancia de qualquer informa\u00e7\u00e3o no site ou em qualquer link deste site. O conte\u00fado de qualquer comunica\u00e7\u00e3o enviada para n\u00f3s atrav\u00e9s da Internet ou atrav\u00e9s de e-mail n\u00e3o \u00e9 segura e n\u00e3o devem ser consideradas confidenciais. Os advogados da firma est\u00e3o autorizados a praticar a lei apenas nas jurisdi\u00e7\u00f5es identificados nas p\u00e1ginas de biografia o advogado.<\/h4>\n","protected":false},"excerpt":{"rendered":"<p>Nosso site cont\u00e9m informa\u00e7\u00f5es gerais sobre o Escrit\u00f3rio de Advocacia de Leonardo Heidner, PC. (&#8220;The Firm&#8221;). A informa\u00e7\u00e3o apresentada n\u00e3o \u00e9 um aconselhamento jur\u00eddico e n\u00e3o deve ser invocado como fonte de aconselhamento jur\u00eddico. O uso de informa\u00e7\u00f5es contidas neste site n\u00e3o cria uma rela\u00e7\u00e3o advogado-cliente entre a empresa e qualquer pessoa f\u00edsica ou jur\u00eddica [&hellip;]<\/p>\n","protected":false},"author":1,"featured_media":0,"parent":0,"menu_order":0,"comment_status":"closed","ping_status":"closed","template":"","meta":{"_monsterinsights_skip_tracking":false,"_monsterinsights_sitenote_active":false,"_monsterinsights_sitenote_note":"","_monsterinsights_sitenote_category":0,"footnotes":""},"class_list":["post-1258","page","type-page","status-publish","hentry"],"jetpack_sharing_enabled":true,"_links":{"self":[{"href":"https:\/\/heidnerlaw.com\/pt-br\/wp-json\/wp\/v2\/pages\/1258","targetHints":{"allow":["GET"]}}],"collection":[{"href":"https:\/\/heidnerlaw.com\/pt-br\/wp-json\/wp\/v2\/pages"}],"about":[{"href":"https:\/\/heidnerlaw.com\/pt-br\/wp-json\/wp\/v2\/types\/page"}],"author":[{"embeddable":true,"href":"https:\/\/heidnerlaw.com\/pt-br\/wp-json\/wp\/v2\/users\/1"}],"replies":[{"embeddable":true,"href":"https:\/\/heidnerlaw.com\/pt-br\/wp-json\/wp\/v2\/comments?post=1258"}],"version-history":[{"count":0,"href":"https:\/\/heidnerlaw.com\/pt-br\/wp-json\/wp\/v2\/pages\/1258\/revisions"}],"wp:attachment":[{"href":"https:\/\/heidnerlaw.com\/pt-br\/wp-json\/wp\/v2\/media?parent=1258"}],"curies":[{"name":"wp","href":"https:\/\/api.w.org\/{rel}","templated":true}]}}