{"id":1293,"date":"2017-10-05T04:07:51","date_gmt":"2017-10-05T04:07:51","guid":{"rendered":"https:\/\/heidnerlaw.com\/areas-de-trabajo\/"},"modified":"2020-10-05T17:17:20","modified_gmt":"2020-10-05T17:17:20","slug":"areas-de-trabajo","status":"publish","type":"page","link":"https:\/\/heidnerlaw.com\/es\/areas-de-trabajo\/","title":{"rendered":"\u00c1REAS DE TRABAJO"},"content":{"rendered":"<div class=\"wpb-content-wrapper\"><p>[vc_row][vc_column width=&#8221;1\/2&#8243; css=&#8221;.vc_custom_1601917075185{margin-top: -50px !important;margin-bottom: 0px !important;border-top-width: 0px !important;}&#8221;]<article class=\"envor-feature\">\n\n\t\t\t\t\t<div class=\"envor-feature-inner\">\n\n\t\t\t\t\t<header>\n\n\t\t\t\t\t\t<i class=\"fa fa-briefcase\"><\/i>\n\n\t\t\t\t\tEstructuraci\u00f3n Patrimonial Intl.\n\n\t\t\t\t\t<span class=\"arrow-color\"><\/span><\/header>\n\n\t\t\t\t\t<p>Nos concentramos en la mejor planificaci\u00f3n para nuestros clientes internacionales abordando asuntos transfronterizos, impositivos y comerciales. Utilizamos nuestra vasta experiencia trabajando con instituciones financieras internacionales brind\u00e1ndoles asistencia a clientes de bancos privados de Europa, Asia y los principales pa\u00edses de Am\u00e9rica Latina, con particular \u00e9nfasis en clientes brasileros y mejicanos. En este entorno de cambios permanentes, es fundamental estar actualizados con respecto a la nueva legislaci\u00f3n impositiva y obligaciones de cumplimiento que afectan el sector bancario privado y a personas con patrimonios netos altos. Por este motivo, somos miembros de organizaciones de planificaci\u00f3n estatal y participantes habituales de congresos profesionales que nos proveen una valiosa fuente de conocimiento y la posibilidad de expandir nuestra red de abogados prestigiosos, especialistas tributarios y otros proveedores de servicios ubicados en los pa\u00edses de residencia de nuestros clientes.<\/p>\n\n\t\t\t\t\t<p><a href=\"#\"> <i class=\"fa fa-arrow-circle-right\"><\/i><\/a><\/p>\n\n\t\t\t\t\t<\/div>\n\n\t\t\t\t<\/article>[\/vc_column][vc_column width=&#8221;1\/2&#8243; css=&#8221;.vc_custom_1601917087984{margin-top: -50px !important;border-top-width: 0px !important;border-bottom-width: 0px !important;}&#8221;]<article class=\"envor-feature\">\n\n\t\t\t\t\t<div class=\"envor-feature-inner\">\n\n\t\t\t\t\t<header>\n\n\t\t\t\t\t\t<i class=\"fa fa-calculator\"><\/i>\n\n\t\t\t\t\tImpuestos\n\n\t\t\t\t\t<span class=\"arrow-color\"><\/span><\/header>\n\n\t\t\t\t\t<p>Ofrecemos nuestro conocimiento y experiencia para ayudar a nuestra clientela con su negocio global y planificaci\u00f3n impositiva con el objetivo de maximizar los beneficios tributarios y minimizar las responsabilidades impositivas adoptando alternativas leg\u00edtimas para invertir y transferir su patrimonio a generaciones futuras, a la vez que se cumple con las leyes estadounidenses, as\u00ed como tambi\u00e9n con las del pa\u00eds de origen del cliente.<\/p>\n\n\t\t\t\t\t<p><a href=\"#\"> <i class=\"fa fa-arrow-circle-right\"><\/i><\/a><\/p>\n\n\t\t\t\t\t<\/div>\n\n\t\t\t\t<\/article>[\/vc_column][\/vc_row][vc_row css=&#8221;.vc_custom_1507176981185{margin-top: -90px !important;}&#8221;][vc_column width=&#8221;1\/2&#8243; css=&#8221;.vc_custom_1507320620774{margin-bottom: -18px !important;}&#8221;]<article class=\"envor-feature\">\n\n\t\t\t\t\t<div class=\"envor-feature-inner\">\n\n\t\t\t\t\t<header>\n\n\t\t\t\t\t\t<i class=\"fa fa-home\"><\/i>\n\n\t\t\t\t\tPropiedad Inmobiliaria\n\n\t\t\t\t\t<span class=\"arrow-color\"><\/span><\/header>\n\n\t\t\t\t\t<p>Brindamos a nuestros clientes amplia orientaci\u00f3n y ayuda para todos los asuntos inmobiliarios tanto nacionales como internacionales, que van desde compraventa transfronteriza, operaciones de inversi\u00f3n y estrategias favorables para la planificaci\u00f3n impositiva, hasta la gesti\u00f3n de las dificultades de las negociaciones multinacionales. Nuestra meta es simplificar negociaciones potencialmente desalentadoras para nuestros clientes intentando lograr el mejor resultado. En esta \u00e1rea, es vital contar con la participaci\u00f3n temprana del abogado en todas las negociaciones comerciales para evitar sorpresas negativas en el futuro. A pesar de la pr\u00e1ctica generalizada de mantener los inmuebles en los Estados Unidos a trav\u00e9s de una corporaci\u00f3n extranjera, este puede no ser el mejor m\u00e9todo para satisfacer las necesidades del cliente. Se deben analizar cuidadosamente las circunstancias y objetivos de cada cliente antes de dise\u00f1ar la estructura adecuada.<\/p>\n<p><\/p>\n\n\t\t\t\t\t<p><a href=\"#\"> <i class=\"fa fa-arrow-circle-right\"><\/i><\/a><\/p>\n\n\t\t\t\t\t<\/div>\n\n\t\t\t\t<\/article>[\/vc_column][vc_column width=&#8221;1\/2&#8243; css=&#8221;.vc_custom_1507320611852{margin-bottom: -18px !important;}&#8221;]<article class=\"envor-feature\">\n\n\t\t\t\t\t<div class=\"envor-feature-inner\">\n\n\t\t\t\t\t<header>\n\n\t\t\t\t\t\t<i class=\"fa fa-bank\"><\/i>\n\n\t\t\t\t\tEmpresa, Negocio y Bancos\n\n\t\t\t\t\t<span class=\"arrow-color\"><\/span><\/header>\n\n\t\t\t\t\t<p>Brindamos asesoramiento valioso con relaci\u00f3n a operaciones y negociaciones comerciales globales para nuestros clientes y asistimos a empresas financieras sobre cuestiones de cumplimiento. Nuestra red de proveedores de servicios y nuestra pr\u00e1ctica con empresas multijurisdiccionales y leyes impositivas nos aportan un amplio conocimiento a partir del cual podemos brindar asesoramiento integral a nuestra base de clientes transaccionales.<br \/>\n<\/p>\n\n\t\t\t\t\t<p><a href=\"#\"> <i class=\"fa fa-arrow-circle-right\"><\/i><\/a><\/p>\n\n\t\t\t\t\t<\/div>\n\n\t\t\t\t<\/article>[\/vc_column][\/vc_row][vc_row css=&#8221;.vc_custom_1504811488770{margin-top: -55px !important;margin-bottom: -55px !important;}&#8221;][vc_column]<div class=\"envor-call-to-action-3\">\n                <div class=\"row\">\n                  <div class=\"col-lg-10\">\n                    <h3>P\u00f3ngase en contacto con nosotros para ver c\u00f3mo podemos ayudarle.<\/h3>\n                    <p><\/p>\n                  <\/div>\n                  <div class=\"col-lg-2\">\n                    <a href=\"mailto:info@heidnerlaw.com\" class=\"envor-btn envor-btn-primary envor-btn-normal\">CONT\u00c1CTENOS<\/a>\n                  <\/div>\n                <\/div>\n              <\/div>[\/vc_column][\/vc_row][vc_row][vc_column][\/vc_column][\/vc_row]<\/p>\n<\/div>","protected":false},"excerpt":{"rendered":"<p>[vc_row][vc_column width=&#8221;1\/2&#8243; css=&#8221;.vc_custom_1601917075185{margin-top: -50px !important;margin-bottom: 0px !important;border-top-width: 0px !important;}&#8221;][\/vc_column][vc_column width=&#8221;1\/2&#8243; css=&#8221;.vc_custom_1601917087984{margin-top: -50px !important;border-top-width: 0px !important;border-bottom-width: 0px !important;}&#8221;][\/vc_column][\/vc_row][vc_row css=&#8221;.vc_custom_1507176981185{margin-top: -90px !important;}&#8221;][vc_column width=&#8221;1\/2&#8243; css=&#8221;.vc_custom_1507320620774{margin-bottom: -18px !important;}&#8221;][\/vc_column][vc_column width=&#8221;1\/2&#8243; css=&#8221;.vc_custom_1507320611852{margin-bottom: -18px !important;}&#8221;][\/vc_column][\/vc_row][vc_row css=&#8221;.vc_custom_1504811488770{margin-top: -55px !important;margin-bottom: -55px !important;}&#8221;][vc_column][\/vc_column][\/vc_row][vc_row][vc_column][\/vc_column][\/vc_row]<\/p>\n","protected":false},"author":1,"featured_media":1559,"parent":0,"menu_order":3,"comment_status":"closed","ping_status":"open","template":"","meta":{"_monsterinsights_skip_tracking":false,"_monsterinsights_sitenote_active":false,"_monsterinsights_sitenote_note":"","_monsterinsights_sitenote_category":0,"footnotes":""},"class_list":["post-1293","page","type-page","status-publish","has-post-thumbnail","hentry"],"jetpack_sharing_enabled":true,"_links":{"self":[{"href":"https:\/\/heidnerlaw.com\/es\/wp-json\/wp\/v2\/pages\/1293","targetHints":{"allow":["GET"]}}],"collection":[{"href":"https:\/\/heidnerlaw.com\/es\/wp-json\/wp\/v2\/pages"}],"about":[{"href":"https:\/\/heidnerlaw.com\/es\/wp-json\/wp\/v2\/types\/page"}],"author":[{"embeddable":true,"href":"https:\/\/heidnerlaw.com\/es\/wp-json\/wp\/v2\/users\/1"}],"replies":[{"embeddable":true,"href":"https:\/\/heidnerlaw.com\/es\/wp-json\/wp\/v2\/comments?post=1293"}],"version-history":[{"count":0,"href":"https:\/\/heidnerlaw.com\/es\/wp-json\/wp\/v2\/pages\/1293\/revisions"}],"wp:featuredmedia":[{"embeddable":true,"href":"https:\/\/heidnerlaw.com\/es\/wp-json\/wp\/v2\/media\/1559"}],"wp:attachment":[{"href":"https:\/\/heidnerlaw.com\/es\/wp-json\/wp\/v2\/media?parent=1293"}],"curies":[{"name":"wp","href":"https:\/\/api.w.org\/{rel}","templated":true}]}}