{"id":1286,"date":"2017-10-05T01:36:11","date_gmt":"2017-10-05T01:36:11","guid":{"rendered":"https:\/\/heidnerlaw.com\/exencion-de-responsabilidad\/"},"modified":"2017-10-05T01:38:43","modified_gmt":"2017-10-05T01:38:43","slug":"exencion-de-responsabilidad","status":"publish","type":"page","link":"https:\/\/heidnerlaw.com\/es\/exencion-de-responsabilidad\/","title":{"rendered":"EXENCI\u00d3N DE RESPONSABILIDAD"},"content":{"rendered":"<h4>Nuestro sitio web contiene informaci\u00f3n general acerca del despacho de abogados de Leonardo Heidner, PC. (&#8220;el Despacho&#8221;). La informaci\u00f3n presentada no es una asesor\u00eda legal y no debe considerarse como tal. El uso de la informaci\u00f3n de este sitio web no crea una relaci\u00f3n de abogado-cliente entre el Despacho y cualquier persona o entidad que use el sitio web ni cualquier otra informaci\u00f3n contenida en el mismo. El Despacho no se hace responsable de su uso o confianza en toda la informaci\u00f3n del sitio web ni en cualquier enlace de este sitio. El contenido de cualquier comunicaci\u00f3n enviada a nosotros mediante Internet o correo electr\u00f3nico no est\u00e1 protegido y no debe considerarse como confidencial.\u00a0 Los abogados del Despacho est\u00e1n autorizados para ejercer la abogac\u00eda \u00fanicamente en las jurisdicciones identificadas en las p\u00e1ginas de Biograf\u00eda de abogados.<\/h4>\n","protected":false},"excerpt":{"rendered":"<p>Nuestro sitio web contiene informaci\u00f3n general acerca del despacho de abogados de Leonardo Heidner, PC. (&#8220;el Despacho&#8221;). La informaci\u00f3n presentada no es una asesor\u00eda legal y no debe considerarse como tal. El uso de la informaci\u00f3n de este sitio web no crea una relaci\u00f3n de abogado-cliente entre el Despacho y cualquier persona o entidad que [&hellip;]<\/p>\n","protected":false},"author":1,"featured_media":0,"parent":0,"menu_order":0,"comment_status":"closed","ping_status":"closed","template":"","meta":{"_monsterinsights_skip_tracking":false,"_monsterinsights_sitenote_active":false,"_monsterinsights_sitenote_note":"","_monsterinsights_sitenote_category":0,"footnotes":""},"class_list":["post-1286","page","type-page","status-publish","hentry"],"jetpack_sharing_enabled":true,"_links":{"self":[{"href":"https:\/\/heidnerlaw.com\/es\/wp-json\/wp\/v2\/pages\/1286","targetHints":{"allow":["GET"]}}],"collection":[{"href":"https:\/\/heidnerlaw.com\/es\/wp-json\/wp\/v2\/pages"}],"about":[{"href":"https:\/\/heidnerlaw.com\/es\/wp-json\/wp\/v2\/types\/page"}],"author":[{"embeddable":true,"href":"https:\/\/heidnerlaw.com\/es\/wp-json\/wp\/v2\/users\/1"}],"replies":[{"embeddable":true,"href":"https:\/\/heidnerlaw.com\/es\/wp-json\/wp\/v2\/comments?post=1286"}],"version-history":[{"count":0,"href":"https:\/\/heidnerlaw.com\/es\/wp-json\/wp\/v2\/pages\/1286\/revisions"}],"wp:attachment":[{"href":"https:\/\/heidnerlaw.com\/es\/wp-json\/wp\/v2\/media?parent=1286"}],"curies":[{"name":"wp","href":"https:\/\/api.w.org\/{rel}","templated":true}]}}