{"id":1265,"date":"2017-10-05T00:16:37","date_gmt":"2017-10-05T00:16:37","guid":{"rendered":"https:\/\/heidnerlaw.com\/perfil-de-abogado\/"},"modified":"2024-12-18T22:16:58","modified_gmt":"2024-12-18T22:16:58","slug":"nuestro-equipo","status":"publish","type":"page","link":"https:\/\/heidnerlaw.com\/es\/nuestro-equipo\/","title":{"rendered":"NUESTRO FUNDADOR"},"content":{"rendered":"<div class=\"wpb-content-wrapper\"><p>[vc_row ses_title=&#8221;Leonardo Heidner, Abogado&#8221; row_align=&#8221;center&#8221;][vc_column width=&#8221;1\/2&#8243;][vc_single_image image=&#8221;1587&#8243; img_size=&#8221;full&#8221;][\/vc_column][vc_column width=&#8221;1\/2&#8243; el_class=&#8221;envor-section-align-left&#8221;][vc_column_text css=&#8221;&#8221;]<span lang=\"es-419\">Leonardo Heidner es un abogado con licencia en Nueva York y Brasil, con una carrera legal que se extiende desde 1993.\u00a0 Posee una amplia experiencia global en el asesoramiento a personas y familias de alto patrimonio neto en asuntos transfronterizos relacionados con el derecho corporativo, transacciones comerciales, impuestos, fideicomisos y sucesiones.\u00a0 A lo largo de sus 30 a\u00f1os de carrera, el Sr. Heidner ha liderado la divisi\u00f3n fiscal y corporativa de una firma internacional y ha dirigido el departamento de fideicomisos de una importante instituci\u00f3n financiera con presencia mundial.\u00a0 Obtuvo la Licenciatura en Derecho en la Universidad Federal de Rio Grande do Sul, Brasil,<\/span><span lang=\"es-419\">\u00a0<\/span><span lang=\"es-419\">adem\u00e1s de dos maestr\u00edas en Derecho (LL.M.): un LL.M ejecutivo en Tributaci\u00f3n por la Universidad de Nueva York (NYU) y otro en Derecho Corporativo, Bancario y Financiero por la Universidad de Fordham. Su amplia experiencia en el manejo de asuntos fiscales y de banca privada para clientes multinacionales\u00a0<\/span><span lang=\"ES-MX\">le ha permitido ganar la confianza de instituciones financieras estadounidenses y extranjeras, oficinas familiares y gestores de activos al recomendar a un experto en impuestos y sucesiones para sus clientes.<\/span><\/p>\n<p><strong>Membres\u00edas<\/strong><strong>:<\/strong><\/p>\n<p>\u2666 \u00a0 American Bar Association<\/p>\n<p>\u2666 \u00a0 New York State Bar Association<\/p>\n<p>\u2666 \u00a0 Brazilian Bar Association &#8211; Rio Grande do Sul and Sao Paulo Sections<\/p>\n<p>\u2666 \u00a0 STEP &#8211; The Society of Trust and Estate Practitioners[\/vc_column_text][\/vc_column][\/vc_row][vc_row css=&#8221;.vc_custom_1562192179417{margin-top: -25px !important;margin-bottom: 20px !important;}&#8221;][vc_column]<div class=\"envor-call-to-action-3\">\n                <div class=\"row\">\n                  <div class=\"col-lg-10\">\n                    <h3>P\u00f3ngase en contacto con nosotros hoy para ver c\u00f3mo le podemos ayudar.<\/h3>\n                    <p><\/p>\n                  <\/div>\n                  <div class=\"col-lg-2\">\n                    <a href=\"mailto:info@heidnerlaw.com\" class=\"envor-btn envor-btn-primary envor-btn-normal\">Cont\u00e1ctenos<\/a>\n                  <\/div>\n                <\/div>\n              <\/div>[vc_column_text][\/vc_column_text][\/vc_column][\/vc_row]<\/p>\n<\/div>","protected":false},"excerpt":{"rendered":"<p>[vc_row ses_title=&#8221;Leonardo Heidner, Abogado&#8221; row_align=&#8221;center&#8221;][vc_column width=&#8221;1\/2&#8243;][vc_single_image image=&#8221;1587&#8243; img_size=&#8221;full&#8221;][\/vc_column][vc_column width=&#8221;1\/2&#8243; el_class=&#8221;envor-section-align-left&#8221;][vc_column_text css=&#8221;&#8221;]Leonardo Heidner es un abogado con licencia en Nueva York y Brasil, con una carrera legal que se extiende desde 1993.\u00a0 Posee una amplia experiencia global en el asesoramiento a personas y familias de alto patrimonio neto en asuntos transfronterizos relacionados con el derecho corporativo, [&hellip;]<\/p>\n","protected":false},"author":1,"featured_media":0,"parent":0,"menu_order":2,"comment_status":"open","ping_status":"open","template":"page-templates\/canvas-with-title.php","meta":{"_monsterinsights_skip_tracking":false,"_monsterinsights_sitenote_active":false,"_monsterinsights_sitenote_note":"","_monsterinsights_sitenote_category":0,"footnotes":""},"class_list":["post-1265","page","type-page","status-publish","hentry"],"jetpack_sharing_enabled":true,"_links":{"self":[{"href":"https:\/\/heidnerlaw.com\/es\/wp-json\/wp\/v2\/pages\/1265","targetHints":{"allow":["GET"]}}],"collection":[{"href":"https:\/\/heidnerlaw.com\/es\/wp-json\/wp\/v2\/pages"}],"about":[{"href":"https:\/\/heidnerlaw.com\/es\/wp-json\/wp\/v2\/types\/page"}],"author":[{"embeddable":true,"href":"https:\/\/heidnerlaw.com\/es\/wp-json\/wp\/v2\/users\/1"}],"replies":[{"embeddable":true,"href":"https:\/\/heidnerlaw.com\/es\/wp-json\/wp\/v2\/comments?post=1265"}],"version-history":[{"count":0,"href":"https:\/\/heidnerlaw.com\/es\/wp-json\/wp\/v2\/pages\/1265\/revisions"}],"wp:attachment":[{"href":"https:\/\/heidnerlaw.com\/es\/wp-json\/wp\/v2\/media?parent=1265"}],"curies":[{"name":"wp","href":"https:\/\/api.w.org\/{rel}","templated":true}]}}